{"id":5030,"date":"2025-11-11T09:24:14","date_gmt":"2025-11-11T08:24:14","guid":{"rendered":"https:\/\/www.dolcevia.it\/?post_type=product&#038;p=5030"},"modified":"2025-12-23T16:40:47","modified_gmt":"2025-12-23T15:40:47","slug":"panettone-tradizionale-classico-milano-1kg","status":"publish","type":"product","link":"https:\/\/www.dolcevia.it\/en\/product\/panettone-tradizionale-classico-milano-1kg\/","title":{"rendered":"Panettone Tradizionale Milano 1kg"},"content":{"rendered":"<div class=\"vc_row wpb_row vc_row-fluid edgtf-section edgtf-content-aligment-left\">\n<div class=\"clearfix edgtf-full-section-inner\">\n<div class=\"wpb_column vc_column_container vc_col-sm-12\">\n<div class=\"vc_column-inner\">\n<div class=\"wpb_wrapper\">\n<div class=\"wpb_text_column wpb_content_element\">\n<div class=\"wpb_wrapper\">\n<p><span data-teams=\"true\">Un capolavoro artigianale che ha vinto il prestigioso Panetth\u00f2n 2023 Award, riconoscendo la sua qualit\u00e0 e il suo sapore unico, e che si \u00e8 aggiudicato anche il Gold The Wine Hunter Food Award 2024, confermando la sua eccellenza nel panorama gastronomico. Perfetto per chi cerca l\u2019autentico gusto del panettone, con un tocco di eccellenza premiata.<\/span><\/p>\n<\/div>\n<\/div>\n<\/div>\n<\/div>\n<\/div>\n<\/div>\n<\/div>\n<div class=\"vc_row wpb_row vc_row-fluid edgtf-section edgtf-content-aligment-left\">\n<div class=\"clearfix edgtf-full-section-inner\">\n<div class=\"wpb_column vc_column_container vc_col-sm-12\">\n<div class=\"vc_column-inner\">\n<div class=\"wpb_wrapper\">\n<div class=\"wpb_text_column wpb_content_element\">\n<div class=\"wpb_wrapper\">\n<p>Il pi\u00f9 grande dei classici: un panettone milanese che celebra la tradizione con un perfetto matrimonio di uvetta e canditi agrumati.<\/p>\n<p><strong>INGREDIENTS<\/strong><\/p>\n<p>Farina di GRANO tenero (tipo 00) (23%), BURRO (16%), Acqua (10%), Arancia candita a cubetti (scorza di arancia sciroppo di glucosio-fruttosio, zucchero) (10%), Uvetta (10%), Tuorlo d\u2019UOVO (9%), Zucchero semolato (8%), Lievito naturale (FRUMENTO) (6%), Pasta di limone candito (scorza di limone, sciroppo di glucosio-fruttosio,zucchero) (1%), Miele acacia (1%), Pasta di scorzone d\u2019arancia (scorza di arancia, sciroppo di glucosio-fruttosio, zucchero) (1%), Pasta vaniglia (sciroppo di glucosio,zucchero,acqua,estratto naturale di vaniglia bourbon, zucchero caramellizzato) (0,5%), Sale (0,3%). Pu\u00f2 contenere: SOIA, LUPINI, SENAPE<\/p>\n<p><strong>CONSERVABILIT\u00c0<\/strong><\/p>\n<p>Shelf life 3 mesi. Conservare in un luogo fresco e asciutto, lontano da fonti di calore. Una volta aperto consumare entro 5 giorni.<\/p>\n<p><a href=\"https:\/\/www.dolcevia.it\/wp-content\/uploads\/2025\/10\/Panettone-Milano-1000gr.pdf\"><strong>Download the nutritional data sheet<\/strong><\/a><\/p>\n<\/div>\n<\/div>\n<\/div>\n<\/div>\n<\/div>\n<\/div>\n<\/div>","protected":false},"excerpt":{"rendered":"<p>Un capolavoro artigianale che ha vinto il prestigioso Panetth\u00f2n 2023 Award, riconoscendo la sua qualit\u00e0 e il suo sapore unico, e che si \u00e8 aggiudicato anche il Gold The Wine&hellip;<\/p>","protected":false},"featured_media":4964,"template":"","meta":[],"product_brand":[],"product_cat":[146],"product_tag":[136],"class_list":{"0":"post-5030","1":"product","2":"type-product","3":"status-publish","4":"has-post-thumbnail","6":"product_cat-via-soffice","7":"product_tag-panettone","9":"first","10":"outofstock","11":"taxable","12":"shipping-taxable","13":"purchasable","14":"product-type-simple"},"yoast_head":"<!-- This site is optimized with the Yoast SEO plugin v27.3 - https:\/\/yoast.com\/product\/yoast-seo-wordpress\/ -->\n<title>Panettone Tradizionale Milano 1kg - Dolcevia | Lievitati artigianali<\/title>\n<meta name=\"robots\" content=\"index, follow, max-snippet:-1, max-image-preview:large, max-video-preview:-1\" \/>\n<link rel=\"canonical\" href=\"https:\/\/www.dolcevia.it\/en\/product\/panettone-tradizionale-classico-milano-1kg\/\" \/>\n<meta property=\"og:locale\" content=\"en_US\" \/>\n<meta property=\"og:type\" content=\"article\" \/>\n<meta property=\"og:title\" content=\"Panettone Tradizionale Milano 1kg - Dolcevia | Lievitati artigianali\" \/>\n<meta property=\"og:description\" content=\"Un capolavoro artigianale che ha vinto il prestigioso Panetth\u00f2n 2023 Award, riconoscendo la sua qualit\u00e0 e il suo sapore unico, e che si \u00e8 aggiudicato anche il Gold The Wine&hellip;\" \/>\n<meta property=\"og:url\" content=\"https:\/\/www.dolcevia.it\/en\/product\/panettone-tradizionale-classico-milano-1kg\/\" \/>\n<meta property=\"og:site_name\" content=\"Dolcevia | Lievitati artigianali\" \/>\n<meta property=\"article:publisher\" content=\"https:\/\/www.facebook.com\/profile.php?id=61552486265549\" \/>\n<meta property=\"article:modified_time\" content=\"2025-12-23T15:40:47+00:00\" \/>\n<meta property=\"og:image\" content=\"https:\/\/www.dolcevia.it\/wp-content\/uploads\/2024\/04\/panettone-Milano-Calssico-scaled.jpeg\" \/>\n\t<meta property=\"og:image:width\" content=\"2560\" \/>\n\t<meta property=\"og:image:height\" content=\"2560\" \/>\n\t<meta property=\"og:image:type\" content=\"image\/jpeg\" \/>\n<meta name=\"twitter:card\" content=\"summary_large_image\" \/>\n<meta name=\"twitter:label1\" content=\"Est. reading time\" \/>\n\t<meta name=\"twitter:data1\" content=\"2 minutes\" \/>\n<script type=\"application\/ld+json\" class=\"yoast-schema-graph\">{\"@context\":\"https:\\\/\\\/schema.org\",\"@graph\":[{\"@type\":\"WebPage\",\"@id\":\"https:\\\/\\\/www.dolcevia.it\\\/en\\\/product\\\/panettone-tradizionale-classico-milano-1kg\\\/\",\"url\":\"https:\\\/\\\/www.dolcevia.it\\\/en\\\/product\\\/panettone-tradizionale-classico-milano-1kg\\\/\",\"name\":\"Panettone Tradizionale Milano 1kg - Dolcevia | Lievitati artigianali\",\"isPartOf\":{\"@id\":\"https:\\\/\\\/www.dolcevia.it\\\/en\\\/#website\"},\"primaryImageOfPage\":{\"@id\":\"https:\\\/\\\/www.dolcevia.it\\\/en\\\/product\\\/panettone-tradizionale-classico-milano-1kg\\\/#primaryimage\"},\"image\":{\"@id\":\"https:\\\/\\\/www.dolcevia.it\\\/en\\\/product\\\/panettone-tradizionale-classico-milano-1kg\\\/#primaryimage\"},\"thumbnailUrl\":\"https:\\\/\\\/www.dolcevia.it\\\/wp-content\\\/uploads\\\/2024\\\/04\\\/panettone-Milano-Calssico-scaled.jpeg\",\"datePublished\":\"2025-11-11T08:24:14+00:00\",\"dateModified\":\"2025-12-23T15:40:47+00:00\",\"breadcrumb\":{\"@id\":\"https:\\\/\\\/www.dolcevia.it\\\/en\\\/product\\\/panettone-tradizionale-classico-milano-1kg\\\/#breadcrumb\"},\"inLanguage\":\"en-US\",\"potentialAction\":[{\"@type\":\"ReadAction\",\"target\":[\"https:\\\/\\\/www.dolcevia.it\\\/en\\\/product\\\/panettone-tradizionale-classico-milano-1kg\\\/\"]}]},{\"@type\":\"ImageObject\",\"inLanguage\":\"en-US\",\"@id\":\"https:\\\/\\\/www.dolcevia.it\\\/en\\\/product\\\/panettone-tradizionale-classico-milano-1kg\\\/#primaryimage\",\"url\":\"https:\\\/\\\/www.dolcevia.it\\\/wp-content\\\/uploads\\\/2024\\\/04\\\/panettone-Milano-Calssico-scaled.jpeg\",\"contentUrl\":\"https:\\\/\\\/www.dolcevia.it\\\/wp-content\\\/uploads\\\/2024\\\/04\\\/panettone-Milano-Calssico-scaled.jpeg\",\"width\":2560,\"height\":2560,\"caption\":\"panettone Milano Calssico\"},{\"@type\":\"BreadcrumbList\",\"@id\":\"https:\\\/\\\/www.dolcevia.it\\\/en\\\/product\\\/panettone-tradizionale-classico-milano-1kg\\\/#breadcrumb\",\"itemListElement\":[{\"@type\":\"ListItem\",\"position\":1,\"name\":\"Home\",\"item\":\"https:\\\/\\\/www.dolcevia.it\\\/\"},{\"@type\":\"ListItem\",\"position\":2,\"name\":\"Shop\",\"item\":\"https:\\\/\\\/www.dolcevia.it\\\/en\\\/shop-2\\\/\"},{\"@type\":\"ListItem\",\"position\":3,\"name\":\"Panettone Tradizionale Milano 1kg\"}]},{\"@type\":\"WebSite\",\"@id\":\"https:\\\/\\\/www.dolcevia.it\\\/en\\\/#website\",\"url\":\"https:\\\/\\\/www.dolcevia.it\\\/en\\\/\",\"name\":\"Dolcevia\",\"description\":\"\",\"publisher\":{\"@id\":\"https:\\\/\\\/www.dolcevia.it\\\/en\\\/#organization\"},\"potentialAction\":[{\"@type\":\"SearchAction\",\"target\":{\"@type\":\"EntryPoint\",\"urlTemplate\":\"https:\\\/\\\/www.dolcevia.it\\\/en\\\/?s={search_term_string}\"},\"query-input\":{\"@type\":\"PropertyValueSpecification\",\"valueRequired\":true,\"valueName\":\"search_term_string\"}}],\"inLanguage\":\"en-US\"},{\"@type\":\"Organization\",\"@id\":\"https:\\\/\\\/www.dolcevia.it\\\/en\\\/#organization\",\"name\":\"Dave srl\",\"url\":\"https:\\\/\\\/www.dolcevia.it\\\/en\\\/\",\"logo\":{\"@type\":\"ImageObject\",\"inLanguage\":\"en-US\",\"@id\":\"https:\\\/\\\/www.dolcevia.it\\\/en\\\/#\\\/schema\\\/logo\\\/image\\\/\",\"url\":\"https:\\\/\\\/www.dolcevia.it\\\/wp-content\\\/uploads\\\/2024\\\/05\\\/dolcevia_logo_BLACK.png\",\"contentUrl\":\"https:\\\/\\\/www.dolcevia.it\\\/wp-content\\\/uploads\\\/2024\\\/05\\\/dolcevia_logo_BLACK.png\",\"width\":842,\"height\":596,\"caption\":\"Dave srl\"},\"image\":{\"@id\":\"https:\\\/\\\/www.dolcevia.it\\\/en\\\/#\\\/schema\\\/logo\\\/image\\\/\"},\"sameAs\":[\"https:\\\/\\\/www.facebook.com\\\/profile.php?id=61552486265549\"]}]}<\/script>\n<!-- \/ Yoast SEO plugin. -->","yoast_head_json":{"title":"Panettone Tradizionale Milano 1kg - Dolcevia | Lievitati artigianali","robots":{"index":"index","follow":"follow","max-snippet":"max-snippet:-1","max-image-preview":"max-image-preview:large","max-video-preview":"max-video-preview:-1"},"canonical":"https:\/\/www.dolcevia.it\/en\/product\/panettone-tradizionale-classico-milano-1kg\/","og_locale":"en_US","og_type":"article","og_title":"Panettone Tradizionale Milano 1kg - Dolcevia | Lievitati artigianali","og_description":"Un capolavoro artigianale che ha vinto il prestigioso Panetth\u00f2n 2023 Award, riconoscendo la sua qualit\u00e0 e il suo sapore unico, e che si \u00e8 aggiudicato anche il Gold The Wine&hellip;","og_url":"https:\/\/www.dolcevia.it\/en\/product\/panettone-tradizionale-classico-milano-1kg\/","og_site_name":"Dolcevia | Lievitati artigianali","article_publisher":"https:\/\/www.facebook.com\/profile.php?id=61552486265549","article_modified_time":"2025-12-23T15:40:47+00:00","og_image":[{"width":2560,"height":2560,"url":"https:\/\/www.dolcevia.it\/wp-content\/uploads\/2024\/04\/panettone-Milano-Calssico-scaled.jpeg","type":"image\/jpeg"}],"twitter_card":"summary_large_image","twitter_misc":{"Est. reading time":"2 minutes"},"schema":{"@context":"https:\/\/schema.org","@graph":[{"@type":"WebPage","@id":"https:\/\/www.dolcevia.it\/en\/product\/panettone-tradizionale-classico-milano-1kg\/","url":"https:\/\/www.dolcevia.it\/en\/product\/panettone-tradizionale-classico-milano-1kg\/","name":"Panettone Tradizionale Milano 1kg - Dolcevia | Lievitati artigianali","isPartOf":{"@id":"https:\/\/www.dolcevia.it\/en\/#website"},"primaryImageOfPage":{"@id":"https:\/\/www.dolcevia.it\/en\/product\/panettone-tradizionale-classico-milano-1kg\/#primaryimage"},"image":{"@id":"https:\/\/www.dolcevia.it\/en\/product\/panettone-tradizionale-classico-milano-1kg\/#primaryimage"},"thumbnailUrl":"https:\/\/www.dolcevia.it\/wp-content\/uploads\/2024\/04\/panettone-Milano-Calssico-scaled.jpeg","datePublished":"2025-11-11T08:24:14+00:00","dateModified":"2025-12-23T15:40:47+00:00","breadcrumb":{"@id":"https:\/\/www.dolcevia.it\/en\/product\/panettone-tradizionale-classico-milano-1kg\/#breadcrumb"},"inLanguage":"en-US","potentialAction":[{"@type":"ReadAction","target":["https:\/\/www.dolcevia.it\/en\/product\/panettone-tradizionale-classico-milano-1kg\/"]}]},{"@type":"ImageObject","inLanguage":"en-US","@id":"https:\/\/www.dolcevia.it\/en\/product\/panettone-tradizionale-classico-milano-1kg\/#primaryimage","url":"https:\/\/www.dolcevia.it\/wp-content\/uploads\/2024\/04\/panettone-Milano-Calssico-scaled.jpeg","contentUrl":"https:\/\/www.dolcevia.it\/wp-content\/uploads\/2024\/04\/panettone-Milano-Calssico-scaled.jpeg","width":2560,"height":2560,"caption":"panettone Milano Calssico"},{"@type":"BreadcrumbList","@id":"https:\/\/www.dolcevia.it\/en\/product\/panettone-tradizionale-classico-milano-1kg\/#breadcrumb","itemListElement":[{"@type":"ListItem","position":1,"name":"Home","item":"https:\/\/www.dolcevia.it\/"},{"@type":"ListItem","position":2,"name":"Shop","item":"https:\/\/www.dolcevia.it\/en\/shop-2\/"},{"@type":"ListItem","position":3,"name":"Panettone Tradizionale Milano 1kg"}]},{"@type":"WebSite","@id":"https:\/\/www.dolcevia.it\/en\/#website","url":"https:\/\/www.dolcevia.it\/en\/","name":"Dolcevia","description":"","publisher":{"@id":"https:\/\/www.dolcevia.it\/en\/#organization"},"potentialAction":[{"@type":"SearchAction","target":{"@type":"EntryPoint","urlTemplate":"https:\/\/www.dolcevia.it\/en\/?s={search_term_string}"},"query-input":{"@type":"PropertyValueSpecification","valueRequired":true,"valueName":"search_term_string"}}],"inLanguage":"en-US"},{"@type":"Organization","@id":"https:\/\/www.dolcevia.it\/en\/#organization","name":"Dave Ltd","url":"https:\/\/www.dolcevia.it\/en\/","logo":{"@type":"ImageObject","inLanguage":"en-US","@id":"https:\/\/www.dolcevia.it\/en\/#\/schema\/logo\/image\/","url":"https:\/\/www.dolcevia.it\/wp-content\/uploads\/2024\/05\/dolcevia_logo_BLACK.png","contentUrl":"https:\/\/www.dolcevia.it\/wp-content\/uploads\/2024\/05\/dolcevia_logo_BLACK.png","width":842,"height":596,"caption":"Dave srl"},"image":{"@id":"https:\/\/www.dolcevia.it\/en\/#\/schema\/logo\/image\/"},"sameAs":["https:\/\/www.facebook.com\/profile.php?id=61552486265549"]}]}},"_links":{"self":[{"href":"https:\/\/www.dolcevia.it\/en\/wp-json\/wp\/v2\/product\/5030","targetHints":{"allow":["GET"]}}],"collection":[{"href":"https:\/\/www.dolcevia.it\/en\/wp-json\/wp\/v2\/product"}],"about":[{"href":"https:\/\/www.dolcevia.it\/en\/wp-json\/wp\/v2\/types\/product"}],"wp:featuredmedia":[{"embeddable":true,"href":"https:\/\/www.dolcevia.it\/en\/wp-json\/wp\/v2\/media\/4964"}],"wp:attachment":[{"href":"https:\/\/www.dolcevia.it\/en\/wp-json\/wp\/v2\/media?parent=5030"}],"wp:term":[{"taxonomy":"product_brand","embeddable":true,"href":"https:\/\/www.dolcevia.it\/en\/wp-json\/wp\/v2\/product_brand?post=5030"},{"taxonomy":"product_cat","embeddable":true,"href":"https:\/\/www.dolcevia.it\/en\/wp-json\/wp\/v2\/product_cat?post=5030"},{"taxonomy":"product_tag","embeddable":true,"href":"https:\/\/www.dolcevia.it\/en\/wp-json\/wp\/v2\/product_tag?post=5030"}],"curies":[{"name":"wp","href":"https:\/\/api.w.org\/{rel}","templated":true}]}}