{"id":3573,"date":"2024-04-30T10:12:55","date_gmt":"2024-04-30T10:12:55","guid":{"rendered":"https:\/\/www.dolcevia.it\/?page_id=3573"},"modified":"2025-02-26T12:51:43","modified_gmt":"2025-02-26T11:51:43","slug":"via-fragrante","status":"publish","type":"page","link":"https:\/\/www.dolcevia.it\/en\/via-fragrante\/","title":{"rendered":"Fragrant Street"},"content":{"rendered":"<div data-elementor-type=\"wp-page\" data-elementor-id=\"3573\" class=\"elementor elementor-3573\" data-elementor-post-type=\"page\">\n\t\t\t\t\t\t<section class=\"elementor-section elementor-top-section elementor-element elementor-element-48c095c elementor-section-height-min-height elementor-section-stretched elementor-section-boxed elementor-section-height-default elementor-section-items-middle\" data-id=\"48c095c\" data-element_type=\"section\" data-e-type=\"section\" data-settings=\"{&quot;stretch_section&quot;:&quot;section-stretched&quot;,&quot;background_background&quot;:&quot;classic&quot;}\">\n\t\t\t\t\t\t<div class=\"elementor-container elementor-column-gap-default\">\n\t\t\t\t\t<div class=\"elementor-column elementor-col-100 elementor-top-column elementor-element elementor-element-d814194\" data-id=\"d814194\" data-element_type=\"column\" data-e-type=\"column\">\n\t\t\t<div class=\"elementor-widget-wrap elementor-element-populated\">\n\t\t\t\t\t\t<div class=\"elementor-element elementor-element-1a76eaf elementor-widget elementor-widget-konte-heading\" data-id=\"1a76eaf\" data-element_type=\"widget\" data-e-type=\"widget\" data-widget_type=\"konte-heading.default\">\n\t\t\t\t<div class=\"elementor-widget-container\">\n\t\t\t\t\t<p class=\"konte-heading-title konte-heading-title--default\">Our Ways<\/p>\t\t\t\t<\/div>\n\t\t\t\t<\/div>\n\t\t\t\t<div class=\"elementor-element elementor-element-55a1632 elementor-widget elementor-widget-konte-heading\" data-id=\"55a1632\" data-element_type=\"widget\" data-e-type=\"widget\" data-widget_type=\"konte-heading.default\">\n\t\t\t\t<div class=\"elementor-widget-container\">\n\t\t\t\t\t<h2 class=\"konte-heading-title konte-heading-title--default\">The Fragrant Way<\/h2>\t\t\t\t<\/div>\n\t\t\t\t<\/div>\n\t\t\t\t<div class=\"elementor-element elementor-element-3fb5ea3 elementor-widget elementor-widget-konte-heading\" data-id=\"3fb5ea3\" data-element_type=\"widget\" data-e-type=\"widget\" data-widget_type=\"konte-heading.default\">\n\t\t\t\t<div class=\"elementor-widget-container\">\n\t\t\t\t\t<p class=\"konte-heading-title konte-heading-title--default\">Dolcevia non \u00e8 solo una delizia per il palato, ma un invito a esplorare nuovi orizzonti del gusto. Il nostro rinomato bab\u00e0 si presenta in una nuova e deliziosa veste, con note tropicali, freschi agrumi e una irresistibile combinazione di caff\u00e8 e amaretto, guidandoti in un affascinante viaggio nel regno dei sapori.<\/p>\t\t\t\t<\/div>\n\t\t\t\t<\/div>\n\t\t\t\t\t<\/div>\n\t\t<\/div>\n\t\t\t\t\t<\/div>\n\t\t<\/section>\n\t\t\t\t<section class=\"elementor-section elementor-top-section elementor-element elementor-element-5fcaee0 elementor-section-full_width elementor-section-height-default elementor-section-height-default\" data-id=\"5fcaee0\" data-element_type=\"section\" data-e-type=\"section\">\n\t\t\t\t\t\t<div class=\"elementor-container elementor-column-gap-no\">\n\t\t\t\t\t<div class=\"elementor-column elementor-col-50 elementor-top-column elementor-element elementor-element-eabf7c3\" data-id=\"eabf7c3\" data-element_type=\"column\" data-e-type=\"column\">\n\t\t\t<div class=\"elementor-widget-wrap elementor-element-populated\">\n\t\t\t\t\t\t<div class=\"elementor-element elementor-element-ca099b1 elementor-widget elementor-widget-konte-heading\" data-id=\"ca099b1\" data-element_type=\"widget\" data-e-type=\"widget\" data-widget_type=\"konte-heading.default\">\n\t\t\t\t<div class=\"elementor-widget-container\">\n\t\t\t\t\t<h2 class=\"konte-heading-title konte-heading-title--default\">A Journey between Sweetness and Passion<\/h2>\t\t\t\t<\/div>\n\t\t\t\t<\/div>\n\t\t\t\t<div class=\"elementor-element elementor-element-8fad9be elementor-widget elementor-widget-konte-heading\" data-id=\"8fad9be\" data-element_type=\"widget\" data-e-type=\"widget\" data-widget_type=\"konte-heading.default\">\n\t\t\t\t<div class=\"elementor-widget-container\">\n\t\t\t\t\t<p class=\"konte-heading-title konte-heading-title--default\">Exploring the paths of taste<\/p>\t\t\t\t<\/div>\n\t\t\t\t<\/div>\n\t\t\t\t<div class=\"elementor-element elementor-element-3d96d95 elementor-widget elementor-widget-image\" data-id=\"3d96d95\" data-element_type=\"widget\" data-e-type=\"widget\" data-widget_type=\"image.default\">\n\t\t\t\t<div class=\"elementor-widget-container\">\n\t\t\t\t\t\t\t\t\t\t\t\t\t\t\t<img fetchpriority=\"high\" decoding=\"async\" width=\"540\" height=\"748\" src=\"https:\/\/www.dolcevia.it\/wp-content\/uploads\/2024\/11\/baba_fragrante.jpg\" class=\"attachment-1536x1536 size-1536x1536 wp-image-4484\" alt=\"\" srcset=\"https:\/\/www.dolcevia.it\/wp-content\/uploads\/2024\/11\/baba_fragrante.jpg 540w, https:\/\/www.dolcevia.it\/wp-content\/uploads\/2024\/11\/baba_fragrante-217x300.jpg 217w, https:\/\/www.dolcevia.it\/wp-content\/uploads\/2024\/11\/baba_fragrante-9x12.jpg 9w\" sizes=\"(max-width: 540px) 100vw, 540px\" \/>\t\t\t\t\t\t\t\t\t\t\t\t\t\t\t<\/div>\n\t\t\t\t<\/div>\n\t\t\t\t\t<\/div>\n\t\t<\/div>\n\t\t\t\t<div class=\"elementor-column elementor-col-50 elementor-top-column elementor-element elementor-element-6aac6bb\" data-id=\"6aac6bb\" data-element_type=\"column\" data-e-type=\"column\">\n\t\t\t<div class=\"elementor-widget-wrap elementor-element-populated\">\n\t\t\t\t\t\t<div class=\"elementor-element elementor-element-1fab374 elementor-widget elementor-widget-image\" data-id=\"1fab374\" data-element_type=\"widget\" data-e-type=\"widget\" data-widget_type=\"image.default\">\n\t\t\t\t<div class=\"elementor-widget-container\">\n\t\t\t\t\t\t\t\t\t\t\t\t\t\t\t<img decoding=\"async\" width=\"460\" height=\"460\" src=\"https:\/\/www.dolcevia.it\/wp-content\/uploads\/2024\/05\/baba_via_2.jpeg\" class=\"attachment-full size-full wp-image-4038\" alt=\"\" srcset=\"https:\/\/www.dolcevia.it\/wp-content\/uploads\/2024\/05\/baba_via_2.jpeg 460w, https:\/\/www.dolcevia.it\/wp-content\/uploads\/2024\/05\/baba_via_2-300x300.jpeg 300w, https:\/\/www.dolcevia.it\/wp-content\/uploads\/2024\/05\/baba_via_2-150x150.jpeg 150w, https:\/\/www.dolcevia.it\/wp-content\/uploads\/2024\/05\/baba_via_2-12x12.jpeg 12w\" sizes=\"(max-width: 460px) 100vw, 460px\" \/>\t\t\t\t\t\t\t\t\t\t\t\t\t\t\t<\/div>\n\t\t\t\t<\/div>\n\t\t\t\t<div class=\"elementor-element elementor-element-266816d elementor-widget elementor-widget-text-editor\" data-id=\"266816d\" data-element_type=\"widget\" data-e-type=\"widget\" data-widget_type=\"text-editor.default\">\n\t\t\t\t<div class=\"elementor-widget-container\">\n\t\t\t\t\t\t\t\t\t<p>Il nostro bab\u00e0 \u00e8 un sontuoso dessert da condividere, ideale per 3-4 persone. Vi proponiamo due modi per assaporare questa delizia della pasticceria classica: gli amanti dei sapori intensi possono gustarlo intero, assaporando appieno la sua soffice consistenza intrisa di rum, mentre chi preferisce note pi\u00f9 delicate pu\u00f2 spremere leggermente il bab\u00e0 per ridurre la presenza del liquore.<\/p>\t\t\t\t\t\t\t\t<\/div>\n\t\t\t\t<\/div>\n\t\t\t\t<div class=\"elementor-element elementor-element-b104639 elementor-widget elementor-widget-text-editor\" data-id=\"b104639\" data-element_type=\"widget\" data-e-type=\"widget\" data-widget_type=\"text-editor.default\">\n\t\t\t\t<div class=\"elementor-widget-container\">\n\t\t\t\t\t\t\t\t\t<p>Per un&#8217;esperienza ancora pi\u00f9 golosa, vi suggeriamo di accompagnarlo con una vellutata crema pasticcera, il cui sapore si sposa perfettamente con le note aromatiche del rum.<\/p>\t\t\t\t\t\t\t\t<\/div>\n\t\t\t\t<\/div>\n\t\t\t\t\t<\/div>\n\t\t<\/div>\n\t\t\t\t\t<\/div>\n\t\t<\/section>\n\t\t\t\t<section class=\"elementor-section elementor-top-section elementor-element elementor-element-411208f elementor-section-full_width elementor-section-height-default elementor-section-height-default\" data-id=\"411208f\" data-element_type=\"section\" data-e-type=\"section\">\n\t\t\t\t\t\t<div class=\"elementor-container elementor-column-gap-no\">\n\t\t\t\t\t<div class=\"elementor-column elementor-col-100 elementor-top-column elementor-element elementor-element-6179ce9\" data-id=\"6179ce9\" data-element_type=\"column\" data-e-type=\"column\">\n\t\t\t<div class=\"elementor-widget-wrap elementor-element-populated\">\n\t\t\t\t\t\t<div class=\"elementor-element elementor-element-d268e9e elementor-widget elementor-widget-konte-products-grid\" data-id=\"d268e9e\" data-element_type=\"widget\" data-e-type=\"widget\" data-widget_type=\"konte-products-grid.default\">\n\t\t\t\t<div class=\"elementor-widget-container\">\n\t\t\t\t\t\t\t<div class=\"konte-product-grid konte-products konte-product-grid--elementor\">\n\t\t\t<div class=\"woocommerce columns-4\"><\/div>\t\t<\/div>\n\t\t\t\t\t\t<\/div>\n\t\t\t\t<\/div>\n\t\t\t\t<div class=\"elementor-element elementor-element-966f65e konte-button-wrapper--align-center elementor-widget elementor-widget-konte-button\" data-id=\"966f65e\" data-element_type=\"widget\" data-e-type=\"widget\" data-widget_type=\"konte-button.default\">\n\t\t\t\t<div class=\"elementor-widget-container\">\n\t\t\t\t\t\t\t<a class=\"konte-button konte-button--elementor konte-button--type-normal button-normal konte-button--size-large large konte-button--link button square\" role=\"button\" href=\"\/en\/shop\/\">\n\t\t\t<span class=\"konte-button__text\">See all products<\/span>\n\t\t<\/a>\n\t\t\t\t\t\t<\/div>\n\t\t\t\t<\/div>\n\t\t\t\t\t<\/div>\n\t\t<\/div>\n\t\t\t\t\t<\/div>\n\t\t<\/section>\n\t\t\t\t<section class=\"elementor-section elementor-top-section elementor-element elementor-element-09c8a13 elementor-section-full_width elementor-section-height-default elementor-section-height-default\" data-id=\"09c8a13\" data-element_type=\"section\" data-e-type=\"section\">\n\t\t\t\t\t\t<div class=\"elementor-container elementor-column-gap-no\">\n\t\t\t\t\t<div class=\"elementor-column elementor-col-100 elementor-top-column elementor-element elementor-element-02e7803\" data-id=\"02e7803\" data-element_type=\"column\" data-e-type=\"column\">\n\t\t\t<div class=\"elementor-widget-wrap elementor-element-populated\">\n\t\t\t\t\t\t<div class=\"elementor-element elementor-element-80289d1 elementor-widget elementor-widget-konte-heading\" data-id=\"80289d1\" data-element_type=\"widget\" data-e-type=\"widget\" data-widget_type=\"konte-heading.default\">\n\t\t\t\t<div class=\"elementor-widget-container\">\n\t\t\t\t\t<h2 class=\"konte-heading-title konte-heading-title--default\">Discover the other routes<\/h2>\t\t\t\t<\/div>\n\t\t\t\t<\/div>\n\t\t\t\t<div class=\"elementor-element elementor-element-060dfed elementor-widget elementor-widget-konte-heading\" data-id=\"060dfed\" data-element_type=\"widget\" data-e-type=\"widget\" data-widget_type=\"konte-heading.default\">\n\t\t\t\t<div class=\"elementor-widget-container\">\n\t\t\t\t\t<h4 class=\"konte-heading-title konte-heading-title--default\">Don&#039;t miss out on Dolcevia and El Padoan products<\/h4>\t\t\t\t<\/div>\n\t\t\t\t<\/div>\n\t\t\t\t\t<\/div>\n\t\t<\/div>\n\t\t\t\t\t<\/div>\n\t\t<\/section>\n\t\t\t\t<section class=\"elementor-section elementor-top-section elementor-element elementor-element-e864dbf elementor-section-stretched elementor-section-boxed elementor-section-height-default elementor-section-height-default\" data-id=\"e864dbf\" data-element_type=\"section\" data-e-type=\"section\" data-settings=\"{&quot;stretch_section&quot;:&quot;section-stretched&quot;}\">\n\t\t\t\t\t\t<div class=\"elementor-container elementor-column-gap-custom\">\n\t\t\t\t\t<div class=\"elementor-column elementor-col-33 elementor-top-column elementor-element elementor-element-e946b1c\" data-id=\"e946b1c\" data-element_type=\"column\" data-e-type=\"column\">\n\t\t\t<div class=\"elementor-widget-wrap elementor-element-populated\">\n\t\t\t\t\t\t<div class=\"elementor-element elementor-element-367616c elementor-widget elementor-widget-konte-banner\" data-id=\"367616c\" data-element_type=\"widget\" data-e-type=\"widget\" data-widget_type=\"konte-banner.default\">\n\t\t\t\t<div class=\"elementor-widget-container\">\n\t\t\t\t\t\t\t<div class=\"konte-banner konte-banner--elementor konte-banner--hover-none konte-banner--content-under-image konte-banner--button-visible-always\">\n\t\t\t\t\t\t\t<a href=\"\/en\/via-croccante\/\">\n\t\t\t\t\t\t<span class=\"konte-banner__image-wrapper\"><img decoding=\"async\" src=\"https:\/\/www.dolcevia.it\/wp-content\/uploads\/elementor\/thumbs\/Dave-Padova-09128-scaled-qpxgld38ugiswbr6mw8lgy30ctj330enjihbkbhbz4.jpg\" title=\"Dave \u2013 Padua-09128\" alt=\"Dave - Padova-09128\" loading=\"lazy\" \/><\/span>\n\t\t\t<div class=\"konte-banner__content konte-banner-content--under-image\">\n\t\t\t\t\t\t\t\t\t\t\t\t\t<h3 class=\"konte-banner__title konte-banner__text\">The Crunchy Way<\/h3>\n\t\t\t\t\t\t\t\t\t\t\t\t\t\t\t\t\t<span class=\"konte-banner__button konte-button button-underline medium underline-small underline-left\" role=\"button\">Explore the products <\/span>\n\t\t\t\t\t\t\t<\/div>\n\t\t\t\t\t\t\t<\/a>\n\t\t\t\t\t<\/div>\n\t\t\t\t\t\t<\/div>\n\t\t\t\t<\/div>\n\t\t\t\t\t<\/div>\n\t\t<\/div>\n\t\t\t\t<div class=\"elementor-column elementor-col-33 elementor-top-column elementor-element elementor-element-08aa001\" data-id=\"08aa001\" data-element_type=\"column\" data-e-type=\"column\">\n\t\t\t<div class=\"elementor-widget-wrap elementor-element-populated\">\n\t\t\t\t\t\t<div class=\"elementor-element elementor-element-d3997f9 elementor-widget elementor-widget-konte-banner\" data-id=\"d3997f9\" data-element_type=\"widget\" data-e-type=\"widget\" data-widget_type=\"konte-banner.default\">\n\t\t\t\t<div class=\"elementor-widget-container\">\n\t\t\t\t\t\t\t<div class=\"konte-banner konte-banner--elementor konte-banner--hover-none konte-banner--content-under-image konte-banner--button-visible-always\">\n\t\t\t\t\t\t\t<a href=\"#\">\n\t\t\t\t\t\t<span class=\"konte-banner__image-wrapper\"><img decoding=\"async\" src=\"https:\/\/www.dolcevia.it\/wp-content\/uploads\/elementor\/thumbs\/Dave-Venezia-09759_copertina-scaled-qpxglc5enmhikpsjsdtywgbjrfnpvbax7dtu31iq5c.jpg\" title=\"Dave \u2013 Venezia-09759_cover\" alt=\"Dave - Venezia-09759_copertina\" loading=\"lazy\" \/><\/span>\n\t\t\t<div class=\"konte-banner__content konte-banner-content--under-image\">\n\t\t\t\t\t\t\t\t\t\t\t\t\t<h3 class=\"konte-banner__title konte-banner__text\">The Soft Way<\/h3>\n\t\t\t\t\t\t\t\t\t\t\t\t\t\t\t\t\t<span class=\"konte-banner__button konte-button button-underline medium underline-small underline-left\" role=\"button\">Explore the products<\/span>\n\t\t\t\t\t\t\t<\/div>\n\t\t\t\t\t\t\t<\/a>\n\t\t\t\t\t<\/div>\n\t\t\t\t\t\t<\/div>\n\t\t\t\t<\/div>\n\t\t\t\t\t<\/div>\n\t\t<\/div>\n\t\t\t\t<div class=\"elementor-column elementor-col-33 elementor-top-column elementor-element elementor-element-ff234c3\" data-id=\"ff234c3\" data-element_type=\"column\" data-e-type=\"column\">\n\t\t\t<div class=\"elementor-widget-wrap elementor-element-populated\">\n\t\t\t\t\t\t<div class=\"elementor-element elementor-element-c4cd9fc elementor-widget elementor-widget-konte-banner\" data-id=\"c4cd9fc\" data-element_type=\"widget\" data-e-type=\"widget\" data-widget_type=\"konte-banner.default\">\n\t\t\t\t<div class=\"elementor-widget-container\">\n\t\t\t\t\t\t\t<div class=\"konte-banner konte-banner--elementor konte-banner--hover-none konte-banner--content-under-image konte-banner--button-visible-always\">\n\t\t\t\t\t\t\t<a href=\"#\">\n\t\t\t\t\t\t<span class=\"konte-banner__image-wrapper\"><img decoding=\"async\" src=\"https:\/\/www.dolcevia.it\/wp-content\/uploads\/elementor\/thumbs\/Dave-Padova-08992-scaled-qpxglc5enmhikpsjsdtywgbjrfnpvbax7dtu31iq5c.jpg\" title=\"Dave \u2013 Padua-08992\" alt=\"Dave - Padova-08992\" loading=\"lazy\" \/><\/span>\n\t\t\t<div class=\"konte-banner__content konte-banner-content--under-image\">\n\t\t\t\t\t\t\t\t\t\t\t\t\t<h3 class=\"konte-banner__title konte-banner__text\">The Oil Road<\/h3>\n\t\t\t\t\t\t\t\t\t\t\t\t\t\t\t\t\t<span class=\"konte-banner__button konte-button button-underline medium underline-small underline-left\" role=\"button\">Explore the products<\/span>\n\t\t\t\t\t\t\t<\/div>\n\t\t\t\t\t\t\t<\/a>\n\t\t\t\t\t<\/div>\n\t\t\t\t\t\t<\/div>\n\t\t\t\t<\/div>\n\t\t\t\t\t<\/div>\n\t\t<\/div>\n\t\t\t\t\t<\/div>\n\t\t<\/section>\n\t\t\t\t<\/div>","protected":false},"excerpt":{"rendered":"<p>LE nostre Vie La Via Fragrante Dolcevia non \u00e8 solo una delizia per il palato, ma un invito a esplorare nuovi orizzonti del gusto. Il nostro rinomato bab\u00e0 si presenta&hellip;<\/p>","protected":false},"author":1,"featured_media":0,"parent":0,"menu_order":0,"comment_status":"closed","ping_status":"closed","template":"","meta":{"footnotes":""},"class_list":["post-3573","page","type-page","status-publish","hentry"],"yoast_head":"<!-- This site is optimized with the Yoast SEO plugin v27.4 - https:\/\/yoast.com\/product\/yoast-seo-wordpress\/ -->\n<title>Via Fragrante - Dolcevia | Lievitati artigianali<\/title>\n<meta name=\"robots\" content=\"index, follow, max-snippet:-1, max-image-preview:large, max-video-preview:-1\" \/>\n<link rel=\"canonical\" href=\"https:\/\/www.dolcevia.it\/en\/via-fragrante\/\" \/>\n<meta property=\"og:locale\" content=\"en_US\" \/>\n<meta property=\"og:type\" content=\"article\" \/>\n<meta property=\"og:title\" content=\"Via Fragrante - Dolcevia | Lievitati artigianali\" \/>\n<meta property=\"og:description\" content=\"LE nostre Vie La Via Fragrante Dolcevia non \u00e8 solo una delizia per il palato, ma un invito a esplorare nuovi orizzonti del gusto. Il nostro rinomato bab\u00e0 si presenta&hellip;\" \/>\n<meta property=\"og:url\" content=\"https:\/\/www.dolcevia.it\/en\/via-fragrante\/\" \/>\n<meta property=\"og:site_name\" content=\"Dolcevia | Lievitati artigianali\" \/>\n<meta property=\"article:publisher\" content=\"https:\/\/www.facebook.com\/profile.php?id=61552486265549\" \/>\n<meta property=\"article:modified_time\" content=\"2025-02-26T11:51:43+00:00\" \/>\n<meta property=\"og:image\" content=\"https:\/\/www.dolcevia.it\/wp-content\/uploads\/2024\/11\/baba_fragrante.jpg\" \/>\n<meta name=\"twitter:card\" content=\"summary_large_image\" \/>\n<meta name=\"twitter:label1\" content=\"Est. reading time\" \/>\n\t<meta name=\"twitter:data1\" content=\"3 minutes\" \/>\n<script type=\"application\/ld+json\" class=\"yoast-schema-graph\">{\"@context\":\"https:\\\/\\\/schema.org\",\"@graph\":[{\"@type\":\"WebPage\",\"@id\":\"https:\\\/\\\/www.dolcevia.it\\\/en\\\/via-fragrante\\\/\",\"url\":\"https:\\\/\\\/www.dolcevia.it\\\/en\\\/via-fragrante\\\/\",\"name\":\"Via Fragrante - Dolcevia | Lievitati artigianali\",\"isPartOf\":{\"@id\":\"https:\\\/\\\/www.dolcevia.it\\\/en\\\/#website\"},\"primaryImageOfPage\":{\"@id\":\"https:\\\/\\\/www.dolcevia.it\\\/en\\\/via-fragrante\\\/#primaryimage\"},\"image\":{\"@id\":\"https:\\\/\\\/www.dolcevia.it\\\/en\\\/via-fragrante\\\/#primaryimage\"},\"thumbnailUrl\":\"https:\\\/\\\/www.dolcevia.it\\\/wp-content\\\/uploads\\\/2024\\\/11\\\/baba_fragrante.jpg\",\"datePublished\":\"2024-04-30T10:12:55+00:00\",\"dateModified\":\"2025-02-26T11:51:43+00:00\",\"breadcrumb\":{\"@id\":\"https:\\\/\\\/www.dolcevia.it\\\/en\\\/via-fragrante\\\/#breadcrumb\"},\"inLanguage\":\"en-US\",\"potentialAction\":[{\"@type\":\"ReadAction\",\"target\":[\"https:\\\/\\\/www.dolcevia.it\\\/en\\\/via-fragrante\\\/\"]}]},{\"@type\":\"ImageObject\",\"inLanguage\":\"en-US\",\"@id\":\"https:\\\/\\\/www.dolcevia.it\\\/en\\\/via-fragrante\\\/#primaryimage\",\"url\":\"https:\\\/\\\/www.dolcevia.it\\\/wp-content\\\/uploads\\\/2024\\\/11\\\/baba_fragrante.jpg\",\"contentUrl\":\"https:\\\/\\\/www.dolcevia.it\\\/wp-content\\\/uploads\\\/2024\\\/11\\\/baba_fragrante.jpg\"},{\"@type\":\"BreadcrumbList\",\"@id\":\"https:\\\/\\\/www.dolcevia.it\\\/en\\\/via-fragrante\\\/#breadcrumb\",\"itemListElement\":[{\"@type\":\"ListItem\",\"position\":1,\"name\":\"Home\",\"item\":\"https:\\\/\\\/www.dolcevia.it\\\/\"},{\"@type\":\"ListItem\",\"position\":2,\"name\":\"Via Fragrante\"}]},{\"@type\":\"WebSite\",\"@id\":\"https:\\\/\\\/www.dolcevia.it\\\/en\\\/#website\",\"url\":\"https:\\\/\\\/www.dolcevia.it\\\/en\\\/\",\"name\":\"Dolcevia\",\"description\":\"\",\"publisher\":{\"@id\":\"https:\\\/\\\/www.dolcevia.it\\\/en\\\/#organization\"},\"potentialAction\":[{\"@type\":\"SearchAction\",\"target\":{\"@type\":\"EntryPoint\",\"urlTemplate\":\"https:\\\/\\\/www.dolcevia.it\\\/en\\\/?s={search_term_string}\"},\"query-input\":{\"@type\":\"PropertyValueSpecification\",\"valueRequired\":true,\"valueName\":\"search_term_string\"}}],\"inLanguage\":\"en-US\"},{\"@type\":\"Organization\",\"@id\":\"https:\\\/\\\/www.dolcevia.it\\\/en\\\/#organization\",\"name\":\"Dave srl\",\"url\":\"https:\\\/\\\/www.dolcevia.it\\\/en\\\/\",\"logo\":{\"@type\":\"ImageObject\",\"inLanguage\":\"en-US\",\"@id\":\"https:\\\/\\\/www.dolcevia.it\\\/en\\\/#\\\/schema\\\/logo\\\/image\\\/\",\"url\":\"https:\\\/\\\/www.dolcevia.it\\\/wp-content\\\/uploads\\\/2024\\\/05\\\/dolcevia_logo_BLACK.png\",\"contentUrl\":\"https:\\\/\\\/www.dolcevia.it\\\/wp-content\\\/uploads\\\/2024\\\/05\\\/dolcevia_logo_BLACK.png\",\"width\":842,\"height\":596,\"caption\":\"Dave srl\"},\"image\":{\"@id\":\"https:\\\/\\\/www.dolcevia.it\\\/en\\\/#\\\/schema\\\/logo\\\/image\\\/\"},\"sameAs\":[\"https:\\\/\\\/www.facebook.com\\\/profile.php?id=61552486265549\"]}]}<\/script>\n<!-- \/ Yoast SEO plugin. -->","yoast_head_json":{"title":"Via Fragrante - Dolcevia | Lievitati artigianali","robots":{"index":"index","follow":"follow","max-snippet":"max-snippet:-1","max-image-preview":"max-image-preview:large","max-video-preview":"max-video-preview:-1"},"canonical":"https:\/\/www.dolcevia.it\/en\/via-fragrante\/","og_locale":"en_US","og_type":"article","og_title":"Via Fragrante - Dolcevia | Lievitati artigianali","og_description":"LE nostre Vie La Via Fragrante Dolcevia non \u00e8 solo una delizia per il palato, ma un invito a esplorare nuovi orizzonti del gusto. Il nostro rinomato bab\u00e0 si presenta&hellip;","og_url":"https:\/\/www.dolcevia.it\/en\/via-fragrante\/","og_site_name":"Dolcevia | Lievitati artigianali","article_publisher":"https:\/\/www.facebook.com\/profile.php?id=61552486265549","article_modified_time":"2025-02-26T11:51:43+00:00","og_image":[{"url":"https:\/\/www.dolcevia.it\/wp-content\/uploads\/2024\/11\/baba_fragrante.jpg","type":"","width":"","height":""}],"twitter_card":"summary_large_image","twitter_misc":{"Est. reading time":"3 minutes"},"schema":{"@context":"https:\/\/schema.org","@graph":[{"@type":"WebPage","@id":"https:\/\/www.dolcevia.it\/en\/via-fragrante\/","url":"https:\/\/www.dolcevia.it\/en\/via-fragrante\/","name":"Via Fragrante - Dolcevia | Lievitati artigianali","isPartOf":{"@id":"https:\/\/www.dolcevia.it\/en\/#website"},"primaryImageOfPage":{"@id":"https:\/\/www.dolcevia.it\/en\/via-fragrante\/#primaryimage"},"image":{"@id":"https:\/\/www.dolcevia.it\/en\/via-fragrante\/#primaryimage"},"thumbnailUrl":"https:\/\/www.dolcevia.it\/wp-content\/uploads\/2024\/11\/baba_fragrante.jpg","datePublished":"2024-04-30T10:12:55+00:00","dateModified":"2025-02-26T11:51:43+00:00","breadcrumb":{"@id":"https:\/\/www.dolcevia.it\/en\/via-fragrante\/#breadcrumb"},"inLanguage":"en-US","potentialAction":[{"@type":"ReadAction","target":["https:\/\/www.dolcevia.it\/en\/via-fragrante\/"]}]},{"@type":"ImageObject","inLanguage":"en-US","@id":"https:\/\/www.dolcevia.it\/en\/via-fragrante\/#primaryimage","url":"https:\/\/www.dolcevia.it\/wp-content\/uploads\/2024\/11\/baba_fragrante.jpg","contentUrl":"https:\/\/www.dolcevia.it\/wp-content\/uploads\/2024\/11\/baba_fragrante.jpg"},{"@type":"BreadcrumbList","@id":"https:\/\/www.dolcevia.it\/en\/via-fragrante\/#breadcrumb","itemListElement":[{"@type":"ListItem","position":1,"name":"Home","item":"https:\/\/www.dolcevia.it\/"},{"@type":"ListItem","position":2,"name":"Via Fragrante"}]},{"@type":"WebSite","@id":"https:\/\/www.dolcevia.it\/en\/#website","url":"https:\/\/www.dolcevia.it\/en\/","name":"Dolcevia","description":"","publisher":{"@id":"https:\/\/www.dolcevia.it\/en\/#organization"},"potentialAction":[{"@type":"SearchAction","target":{"@type":"EntryPoint","urlTemplate":"https:\/\/www.dolcevia.it\/en\/?s={search_term_string}"},"query-input":{"@type":"PropertyValueSpecification","valueRequired":true,"valueName":"search_term_string"}}],"inLanguage":"en-US"},{"@type":"Organization","@id":"https:\/\/www.dolcevia.it\/en\/#organization","name":"Dave Ltd","url":"https:\/\/www.dolcevia.it\/en\/","logo":{"@type":"ImageObject","inLanguage":"en-US","@id":"https:\/\/www.dolcevia.it\/en\/#\/schema\/logo\/image\/","url":"https:\/\/www.dolcevia.it\/wp-content\/uploads\/2024\/05\/dolcevia_logo_BLACK.png","contentUrl":"https:\/\/www.dolcevia.it\/wp-content\/uploads\/2024\/05\/dolcevia_logo_BLACK.png","width":842,"height":596,"caption":"Dave srl"},"image":{"@id":"https:\/\/www.dolcevia.it\/en\/#\/schema\/logo\/image\/"},"sameAs":["https:\/\/www.facebook.com\/profile.php?id=61552486265549"]}]}},"_links":{"self":[{"href":"https:\/\/www.dolcevia.it\/en\/wp-json\/wp\/v2\/pages\/3573","targetHints":{"allow":["GET"]}}],"collection":[{"href":"https:\/\/www.dolcevia.it\/en\/wp-json\/wp\/v2\/pages"}],"about":[{"href":"https:\/\/www.dolcevia.it\/en\/wp-json\/wp\/v2\/types\/page"}],"author":[{"embeddable":true,"href":"https:\/\/www.dolcevia.it\/en\/wp-json\/wp\/v2\/users\/1"}],"replies":[{"embeddable":true,"href":"https:\/\/www.dolcevia.it\/en\/wp-json\/wp\/v2\/comments?post=3573"}],"version-history":[{"count":42,"href":"https:\/\/www.dolcevia.it\/en\/wp-json\/wp\/v2\/pages\/3573\/revisions"}],"predecessor-version":[{"id":4586,"href":"https:\/\/www.dolcevia.it\/en\/wp-json\/wp\/v2\/pages\/3573\/revisions\/4586"}],"wp:attachment":[{"href":"https:\/\/www.dolcevia.it\/en\/wp-json\/wp\/v2\/media?parent=3573"}],"curies":[{"name":"wp","href":"https:\/\/api.w.org\/{rel}","templated":true}]}}